{"id":132,"date":"2025-05-13T00:54:23","date_gmt":"2025-05-12T21:54:23","guid":{"rendered":"https:\/\/www.4y.com.tr\/store\/?post_type=product&#038;p=132"},"modified":"2025-05-16T12:36:51","modified_gmt":"2025-05-16T09:36:51","slug":"stok-takip-programi","status":"publish","type":"product","link":"https:\/\/www.4y.com.tr\/store\/?product=stok-takip-programi","title":{"rendered":"Stok Takip Program\u0131"},"content":{"rendered":"<p><b>Stok program\u0131<\/b>m\u0131z, her\u015feyden \u00f6nce pek \u00e7ok sekt\u00f6re hitap etmektedir. Hammadde, mam\u00fcl, k\u0131rtasiye ve i\u015fletme i\u00e7erisindeki gider stoklar\u0131n\u0131z\u0131 program\u0131m\u0131zla \u00e7ok kolay bir \u015fekilde takip edebilirsiniz. Hangi depoya hangi stoklar girdi, bunlar hangi firmalardan geldi, yada i\u015fletmenin hangi b\u00f6l\u00fcm\u00fcnden geldi\u011fini \u00e7ok rahat bir \u015fekilde raporlayabilirsiniz. Ayr\u0131ca t\u00fcm raporlar\u0131 \u00e7ok h\u0131zl\u0131 bir \u015fekilde, excel, word, pdf, txt, csv gibi pop\u00fcler dosya formatlar\u0131yla kaydedebilir, dilerseniz bu raporlar\u0131 program i\u00e7erisinden mail olarak g\u00f6nderebilirsiniz.<\/p>\n","protected":false},"excerpt":{"rendered":"<p><b>Stok program\u0131<\/b>m\u0131z, her\u015feyden \u00f6nce pek \u00e7ok sekt\u00f6re hitap etmektedir. Hammadde, mam\u00fcl, k\u0131rtasiye ve i\u015fletme i\u00e7erisindeki gider stoklar\u0131n\u0131z\u0131 program\u0131m\u0131zla \u00e7ok kolay bir \u015fekilde takip edebilirsiniz. Hangi depoya hangi stoklar girdi, bunlar hangi firmalardan geldi, yada i\u015fletmenin hangi b\u00f6l\u00fcm\u00fcnden geldi\u011fini \u00e7ok rahat bir \u015fekilde raporlayabilirsiniz. Ayr\u0131ca t\u00fcm raporlar\u0131 \u00e7ok h\u0131zl\u0131 bir \u015fekilde, excel, word, pdf, txt, csv gibi pop\u00fcler dosya formatlar\u0131yla kaydedebilir, dilerseniz bu raporlar\u0131 program i\u00e7erisinden mail olarak g\u00f6nderebilirsiniz.<\/p>\n","protected":false},"featured_media":133,"template":"","meta":{"_kad_post_transparent":"default","_kad_post_title":"","_kad_post_layout":"default","_kad_post_sidebar_id":"","_kad_post_content_style":"default","_kad_post_vertical_padding":"default","_kad_post_feature":"","_kad_post_feature_position":"","_kad_post_header":false,"_kad_post_footer":false},"product_brand":[],"product_cat":[18],"product_tag":[],"class_list":{"0":"post-132","1":"product","2":"type-product","3":"status-publish","4":"has-post-thumbnail","6":"product_cat-yazilim","8":"first","9":"instock","10":"downloadable","11":"virtual","12":"purchasable","13":"product-type-simple","14":"entry","15":"content-bg","16":"loop-entry"},"_links":{"self":[{"href":"https:\/\/www.4y.com.tr\/store\/index.php?rest_route=\/wp\/v2\/product\/132","targetHints":{"allow":["GET"]}}],"collection":[{"href":"https:\/\/www.4y.com.tr\/store\/index.php?rest_route=\/wp\/v2\/product"}],"about":[{"href":"https:\/\/www.4y.com.tr\/store\/index.php?rest_route=\/wp\/v2\/types\/product"}],"wp:featuredmedia":[{"embeddable":true,"href":"https:\/\/www.4y.com.tr\/store\/index.php?rest_route=\/wp\/v2\/media\/133"}],"wp:attachment":[{"href":"https:\/\/www.4y.com.tr\/store\/index.php?rest_route=%2Fwp%2Fv2%2Fmedia&parent=132"}],"wp:term":[{"taxonomy":"product_brand","embeddable":true,"href":"https:\/\/www.4y.com.tr\/store\/index.php?rest_route=%2Fwp%2Fv2%2Fproduct_brand&post=132"},{"taxonomy":"product_cat","embeddable":true,"href":"https:\/\/www.4y.com.tr\/store\/index.php?rest_route=%2Fwp%2Fv2%2Fproduct_cat&post=132"},{"taxonomy":"product_tag","embeddable":true,"href":"https:\/\/www.4y.com.tr\/store\/index.php?rest_route=%2Fwp%2Fv2%2Fproduct_tag&post=132"}],"curies":[{"name":"wp","href":"https:\/\/api.w.org\/{rel}","templated":true}]}}