{"id":134,"date":"2025-05-13T01:00:48","date_gmt":"2025-05-12T22:00:48","guid":{"rendered":"https:\/\/www.4y.com.tr\/store\/?post_type=product&#038;p=134"},"modified":"2025-05-16T12:36:23","modified_gmt":"2025-05-16T09:36:23","slug":"plaka-tanima-sistemi","status":"publish","type":"product","link":"https:\/\/www.4y.com.tr\/store\/?product=plaka-tanima-sistemi","title":{"rendered":"Plaka Tan\u0131ma Sistemi"},"content":{"rendered":"<p>Plaka tan\u0131ma sistemi;\u00a0<b>ara\u00e7lar\u0131, plaka numaras\u0131 vas\u0131tas\u0131yla tan\u0131mlamaya yarayan bir g\u00f6r\u00fcnt\u00fc i\u015fleme teknolojisidir<\/b>. Bu teknoloji ile; ba\u015fta otopark giri\u015f \u00e7\u0131k\u0131\u015f yapan ara\u00e7lar\u0131n tespiti edilmesi olmak \u00fczere yetkili giri\u015f-\u00e7\u0131k\u0131\u015f sistemleri, g\u00fcvenlik uygulamalar\u0131, trafik projeleri ve uygulamalar\u0131nda kullan\u0131labilmektedir.<\/p>\n","protected":false},"excerpt":{"rendered":"<p>Plaka tan\u0131ma sistemi;\u00a0<b>ara\u00e7lar\u0131, plaka numaras\u0131 vas\u0131tas\u0131yla tan\u0131mlamaya yarayan bir g\u00f6r\u00fcnt\u00fc i\u015fleme teknolojisidir<\/b>. Bu teknoloji ile; ba\u015fta otopark giri\u015f \u00e7\u0131k\u0131\u015f yapan ara\u00e7lar\u0131n tespiti edilmesi olmak \u00fczere yetkili giri\u015f-\u00e7\u0131k\u0131\u015f sistemleri, g\u00fcvenlik uygulamalar\u0131, trafik projeleri ve uygulamalar\u0131nda kullan\u0131labilmektedir.<\/p>\n","protected":false},"featured_media":135,"template":"","meta":{"_kad_post_transparent":"default","_kad_post_title":"","_kad_post_layout":"default","_kad_post_sidebar_id":"","_kad_post_content_style":"default","_kad_post_vertical_padding":"default","_kad_post_feature":"","_kad_post_feature_position":"","_kad_post_header":false,"_kad_post_footer":false},"product_brand":[],"product_cat":[18],"product_tag":[],"class_list":{"0":"post-134","1":"product","2":"type-product","3":"status-publish","4":"has-post-thumbnail","6":"product_cat-yazilim","8":"first","9":"instock","10":"downloadable","11":"virtual","12":"purchasable","13":"product-type-simple","14":"entry","15":"content-bg","16":"loop-entry"},"_links":{"self":[{"href":"https:\/\/www.4y.com.tr\/store\/index.php?rest_route=\/wp\/v2\/product\/134","targetHints":{"allow":["GET"]}}],"collection":[{"href":"https:\/\/www.4y.com.tr\/store\/index.php?rest_route=\/wp\/v2\/product"}],"about":[{"href":"https:\/\/www.4y.com.tr\/store\/index.php?rest_route=\/wp\/v2\/types\/product"}],"wp:featuredmedia":[{"embeddable":true,"href":"https:\/\/www.4y.com.tr\/store\/index.php?rest_route=\/wp\/v2\/media\/135"}],"wp:attachment":[{"href":"https:\/\/www.4y.com.tr\/store\/index.php?rest_route=%2Fwp%2Fv2%2Fmedia&parent=134"}],"wp:term":[{"taxonomy":"product_brand","embeddable":true,"href":"https:\/\/www.4y.com.tr\/store\/index.php?rest_route=%2Fwp%2Fv2%2Fproduct_brand&post=134"},{"taxonomy":"product_cat","embeddable":true,"href":"https:\/\/www.4y.com.tr\/store\/index.php?rest_route=%2Fwp%2Fv2%2Fproduct_cat&post=134"},{"taxonomy":"product_tag","embeddable":true,"href":"https:\/\/www.4y.com.tr\/store\/index.php?rest_route=%2Fwp%2Fv2%2Fproduct_tag&post=134"}],"curies":[{"name":"wp","href":"https:\/\/api.w.org\/{rel}","templated":true}]}}